{"id":380,"date":"2014-07-23T22:47:40","date_gmt":"2014-07-23T22:47:40","guid":{"rendered":"http:\/\/bceconsultoria.com.br\/?page_id=2"},"modified":"2014-07-23T22:47:40","modified_gmt":"2014-07-23T22:47:40","slug":"apresentacao","status":"publish","type":"page","link":"https:\/\/bcekonsult.com.br\/pt\/","title":{"rendered":"Apresenta\u00e7\u00e3o"},"content":{"rendered":"<p><img loading=\"lazy\" decoding=\"async\" class=\"wp-image-3109 alignleft\" style=\"margin-left: 10px;margin-right: 10px\" title=\"leaf graphic\" src=\"https:\/\/bcekonsult.com.br\/wp-content\/uploads\/2014\/07\/nossa_visao.jpg\" alt=\"leaf graphic\" width=\"150\" height=\"100\" \/><\/p>\n<h4>Criada em 2002, a BCE Consultoria tem atuado no mercado nacional, desenvolvendo novas estrat\u00e9gias de gerenciamento empresarial, solu\u00e7\u00f5es para momentos de crise, start up de empresas nacionais e multinacionais, bem como, a melhoria de estruturas j\u00e1 em funcionamento, buscando sua melhor efici\u00eancia.<\/h4>\n<p>&nbsp;<\/p>\n<h4>Os sistemas mais eficientes s\u00e3o tamb\u00e9m os mais simples e geralmente tamb\u00e9m, s\u00e3o os mais flex\u00edveis em todos os sentidos.<\/h4>\n<p>&nbsp;<\/p>\n<h4>Inerente a eles temos uma ampla gama de adapta\u00e7\u00f5es poss\u00edveis, indo de novas utiliza\u00e7\u00f5es, at\u00e9 um grande aumento na carga de trabalho.<\/h4>\n<p>&nbsp;<\/p>\n<h4>Muitas vezes confundimos simplicidade com &#8220;minimalismo&#8221;. Obviamente que isso n\u00e3o \u00e9 correto. Cada estrutura, ou sistema, tem sua pr\u00f3pria vers\u00e3o &#8220;simples&#8221;, mas em poucas situa\u00e7\u00f5es existem vers\u00f5es similares. Podemos imagin\u00e1-las como &#8220;singularidades&#8221;, com um perfeito balan\u00e7o entre efici\u00eancia e necessidade.<\/h4>\n<p>&nbsp;<\/p>\n<h4>A natureza nos proporciona muitos exemplos cl\u00e1ssicos neste sentido. Alguns de extrema simplicidade e efici\u00eancia, mas s\u00e3o usados para criar a mais espetacular e complexa estrutura conhecida pela humanidade: a vida. Outros nos mostram como devemos estruturar nossos sistemas, de modo a &#8220;flu\u00edrem&#8221; pelos caminhos menos complexos, visando alcan\u00e7ar seus objetivos.<\/h4>\n<p>&nbsp;<\/p>\n<h4>Sistemas simples s\u00e3o mais f\u00e1ceis de serem entendidos e operados por todos, desde sua pr\u00f3pria equipe, at\u00e9 os clientes e fornecedores.<\/h4>\n<p>&nbsp;<\/p>\n<h4>D\u00ea a sua empresa uma chance de ser mais r\u00e1pida e \u00e1gil ao trilhar seu caminho para o sucesso.<\/h4>\n<p><\/p>","protected":false},"excerpt":{"rendered":"<p>Criada em 2002, a BCE Consultoria tem atuado no mercado nacional, desenvolvendo novas estrat\u00e9gias de gerenciamento empresarial, solu\u00e7\u00f5es para momentos de crise, start up de empresas nacionais e multinacionais, bem como, a melhoria de estruturas j\u00e1 em funcionamento, buscando sua melhor efici\u00eancia. &nbsp; Os sistemas mais eficientes s\u00e3o tamb\u00e9m os mais simples e geralmente tamb\u00e9m, [&hellip;]<\/p>\n","protected":false},"author":1,"featured_media":0,"parent":0,"menu_order":0,"comment_status":"open","ping_status":"open","template":"","meta":{"footnotes":""},"class_list":["post-380","page","type-page","status-publish","hentry"],"_links":{"self":[{"href":"https:\/\/bcekonsult.com.br\/pt\/wp-json\/wp\/v2\/pages\/380","targetHints":{"allow":["GET"]}}],"collection":[{"href":"https:\/\/bcekonsult.com.br\/pt\/wp-json\/wp\/v2\/pages"}],"about":[{"href":"https:\/\/bcekonsult.com.br\/pt\/wp-json\/wp\/v2\/types\/page"}],"author":[{"embeddable":true,"href":"https:\/\/bcekonsult.com.br\/pt\/wp-json\/wp\/v2\/users\/1"}],"replies":[{"embeddable":true,"href":"https:\/\/bcekonsult.com.br\/pt\/wp-json\/wp\/v2\/comments?post=380"}],"version-history":[{"count":0,"href":"https:\/\/bcekonsult.com.br\/pt\/wp-json\/wp\/v2\/pages\/380\/revisions"}],"wp:attachment":[{"href":"https:\/\/bcekonsult.com.br\/pt\/wp-json\/wp\/v2\/media?parent=380"}],"curies":[{"name":"wp","href":"https:\/\/api.w.org\/{rel}","templated":true}]}}