{"id":26,"date":"2014-07-24T19:04:51","date_gmt":"2014-07-24T19:04:51","guid":{"rendered":"http:\/\/bceconsultoria.com.br\/?page_id=26"},"modified":"2014-07-24T19:04:51","modified_gmt":"2014-07-24T19:04:51","slug":"produtos-e-servicos","status":"publish","type":"page","link":"https:\/\/bcekonsult.com.br\/pt\/produtos-e-servicos\/","title":{"rendered":"Produtos e Servi\u00e7os"},"content":{"rendered":"<p><\/p>\n<ul>\n<li>\n<h4>Implanta\u00e7\u00e3o de empresas no Brasil.<\/h4>\n<\/li>\n<li>\n<h4>Reestrutura\u00e7\u00e3o de empresas instaladas.<\/h4>\n<\/li>\n<li>\n<h4>Reestrutura\u00e7\u00e3o de \u00e1reas espec\u00edficas.<\/h4>\n<\/li>\n<li>\n<h4>Cria\u00e7\u00e3o de mecanismos de controle.<\/h4>\n<\/li>\n<li>\n<h4>Suporte na gest\u00e3o empresarial.<\/h4>\n<\/li>\n<li>\n<h4>An\u00e1lise de atividades e mercados.<\/h4>\n<\/li>\n<li>\n<h4>Forma\u00e7\u00e3o de parcerias.<\/h4>\n<\/li>\n<\/ul>\n<p><\/p>","protected":false},"excerpt":{"rendered":"<p>Implanta\u00e7\u00e3o de empresas no Brasil. Reestrutura\u00e7\u00e3o de empresas instaladas. Reestrutura\u00e7\u00e3o de \u00e1reas espec\u00edficas. Cria\u00e7\u00e3o de mecanismos de controle. Suporte na gest\u00e3o empresarial. An\u00e1lise de atividades e mercados. Forma\u00e7\u00e3o de parcerias.<\/p>\n","protected":false},"author":1,"featured_media":0,"parent":0,"menu_order":0,"comment_status":"closed","ping_status":"closed","template":"","meta":{"footnotes":""},"class_list":["post-26","page","type-page","status-publish","hentry"],"_links":{"self":[{"href":"https:\/\/bcekonsult.com.br\/pt\/wp-json\/wp\/v2\/pages\/26","targetHints":{"allow":["GET"]}}],"collection":[{"href":"https:\/\/bcekonsult.com.br\/pt\/wp-json\/wp\/v2\/pages"}],"about":[{"href":"https:\/\/bcekonsult.com.br\/pt\/wp-json\/wp\/v2\/types\/page"}],"author":[{"embeddable":true,"href":"https:\/\/bcekonsult.com.br\/pt\/wp-json\/wp\/v2\/users\/1"}],"replies":[{"embeddable":true,"href":"https:\/\/bcekonsult.com.br\/pt\/wp-json\/wp\/v2\/comments?post=26"}],"version-history":[{"count":0,"href":"https:\/\/bcekonsult.com.br\/pt\/wp-json\/wp\/v2\/pages\/26\/revisions"}],"wp:attachment":[{"href":"https:\/\/bcekonsult.com.br\/pt\/wp-json\/wp\/v2\/media?parent=26"}],"curies":[{"name":"wp","href":"https:\/\/api.w.org\/{rel}","templated":true}]}}