{"id":442,"date":"2016-06-24T20:51:54","date_gmt":"2016-06-24T20:51:54","guid":{"rendered":"http:\/\/bceconsultoria.com.br\/?page_id=442"},"modified":"2016-06-24T20:51:54","modified_gmt":"2016-06-24T20:51:54","slug":"consultoria-de-producao","status":"publish","type":"page","link":"https:\/\/bcekonsult.com.br\/de\/produtos-e-servicos\/consultoria-de-producao\/","title":{"rendered":"(Portugu\u00eas do Brasil) Consultoria de Produ\u00e7\u00e3o"},"content":{"rendered":"<p class=\"qtranxs-available-languages-message qtranxs-available-languages-message-de\">Leider ist der Eintrag nur auf <a href=\"https:\/\/bcekonsult.com.br\/pb\/wp-json\/wp\/v2\/pages\/442\" class=\"qtranxs-available-language-link qtranxs-available-language-link-pb\" title=\"Portugu\u00eas do Brasil\">Portugu\u00eas do Brasil<\/a> und <a href=\"https:\/\/bcekonsult.com.br\/pt\/wp-json\/wp\/v2\/pages\/442\" class=\"qtranxs-available-language-link qtranxs-available-language-link-pt\" title=\"Portugu\u00eas\">Portugu\u00eas<\/a> verf\u00fcgbar.<\/p>","protected":false},"excerpt":{"rendered":"<p class=\"qtranxs-available-languages-message qtranxs-available-languages-message-de\">Leider ist der Eintrag nur auf <a href=\"https:\/\/bcekonsult.com.br\/pt\/wp-json\/wp\/v2\/pages\/442\" class=\"qtranxs-available-language-link qtranxs-available-language-link-pt\" title=\"Portugu\u00eas\">Portugu\u00eas<\/a> verf\u00fcgbar.<\/p>\n","protected":false},"author":1,"featured_media":0,"parent":26,"menu_order":0,"comment_status":"closed","ping_status":"closed","template":"page-full.php","meta":{"footnotes":""},"class_list":["post-442","page","type-page","status-publish","hentry"],"_links":{"self":[{"href":"https:\/\/bcekonsult.com.br\/de\/wp-json\/wp\/v2\/pages\/442","targetHints":{"allow":["GET"]}}],"collection":[{"href":"https:\/\/bcekonsult.com.br\/de\/wp-json\/wp\/v2\/pages"}],"about":[{"href":"https:\/\/bcekonsult.com.br\/de\/wp-json\/wp\/v2\/types\/page"}],"author":[{"embeddable":true,"href":"https:\/\/bcekonsult.com.br\/de\/wp-json\/wp\/v2\/users\/1"}],"replies":[{"embeddable":true,"href":"https:\/\/bcekonsult.com.br\/de\/wp-json\/wp\/v2\/comments?post=442"}],"version-history":[{"count":0,"href":"https:\/\/bcekonsult.com.br\/de\/wp-json\/wp\/v2\/pages\/442\/revisions"}],"up":[{"embeddable":true,"href":"https:\/\/bcekonsult.com.br\/de\/wp-json\/wp\/v2\/pages\/26"}],"wp:attachment":[{"href":"https:\/\/bcekonsult.com.br\/de\/wp-json\/wp\/v2\/media?parent=442"}],"curies":[{"name":"wp","href":"https:\/\/api.w.org\/{rel}","templated":true}]}}