{"id":423,"date":"2015-06-18T14:05:33","date_gmt":"2015-06-18T14:05:33","guid":{"rendered":"http:\/\/bceconsultoria.com.br\/?page_id=423"},"modified":"2015-06-18T14:05:33","modified_gmt":"2015-06-18T14:05:33","slug":"reengenharia-do-negocio","status":"publish","type":"page","link":"https:\/\/bcekonsult.com.br\/de\/produtos-e-servicos\/reengenharia-do-negocio\/","title":{"rendered":"(Portugu\u00eas do Brasil) Reengenharia do Neg\u00f3cio"},"content":{"rendered":"<p class=\"qtranxs-available-languages-message qtranxs-available-languages-message-de\">Leider ist der Eintrag nur auf <a href=\"https:\/\/bcekonsult.com.br\/pb\/wp-json\/wp\/v2\/pages\/423\" class=\"qtranxs-available-language-link qtranxs-available-language-link-pb\" title=\"Portugu\u00eas do Brasil\">Portugu\u00eas do Brasil<\/a> und <a href=\"https:\/\/bcekonsult.com.br\/pt\/wp-json\/wp\/v2\/pages\/423\" class=\"qtranxs-available-language-link qtranxs-available-language-link-pt\" title=\"Portugu\u00eas\">Portugu\u00eas<\/a> verf\u00fcgbar.<\/p>","protected":false},"excerpt":{"rendered":"<p>Leider ist der Eintrag nur auf Portugu\u00eas do Brasil und Portugu\u00eas verf\u00fcgbar.<\/p>\n","protected":false},"author":1,"featured_media":0,"parent":26,"menu_order":0,"comment_status":"closed","ping_status":"closed","template":"page-full.php","meta":{"footnotes":""},"class_list":["post-423","page","type-page","status-publish","hentry"],"_links":{"self":[{"href":"https:\/\/bcekonsult.com.br\/de\/wp-json\/wp\/v2\/pages\/423","targetHints":{"allow":["GET"]}}],"collection":[{"href":"https:\/\/bcekonsult.com.br\/de\/wp-json\/wp\/v2\/pages"}],"about":[{"href":"https:\/\/bcekonsult.com.br\/de\/wp-json\/wp\/v2\/types\/page"}],"author":[{"embeddable":true,"href":"https:\/\/bcekonsult.com.br\/de\/wp-json\/wp\/v2\/users\/1"}],"replies":[{"embeddable":true,"href":"https:\/\/bcekonsult.com.br\/de\/wp-json\/wp\/v2\/comments?post=423"}],"version-history":[{"count":0,"href":"https:\/\/bcekonsult.com.br\/de\/wp-json\/wp\/v2\/pages\/423\/revisions"}],"up":[{"embeddable":true,"href":"https:\/\/bcekonsult.com.br\/de\/wp-json\/wp\/v2\/pages\/26"}],"wp:attachment":[{"href":"https:\/\/bcekonsult.com.br\/de\/wp-json\/wp\/v2\/media?parent=423"}],"curies":[{"name":"wp","href":"https:\/\/api.w.org\/{rel}","templated":true}]}}