{"id":380,"date":"2014-07-23T22:47:40","date_gmt":"2014-07-23T22:47:40","guid":{"rendered":"http:\/\/bceconsultoria.com.br\/?page_id=2"},"modified":"2014-07-23T22:47:40","modified_gmt":"2014-07-23T22:47:40","slug":"apresentacao","status":"publish","type":"page","link":"https:\/\/bcekonsult.com.br\/de\/","title":{"rendered":"Pr\u00e4sentation"},"content":{"rendered":"<p><a href=\"http:\/\/bceconsultoria.com.br\"><img loading=\"lazy\" decoding=\"async\" class=\"wp-image-3109 alignleft\" style=\"margin-left: 10px;margin-right: 10px\" title=\"leaf graphic\" src=\"https:\/\/bcekonsult.com.br\/wp-content\/uploads\/2014\/07\/nossa_visao.jpg\" alt=\"leaf graphic\" width=\"150\" height=\"100\" \/><\/a><\/p>\n<h4>Die effizientesten Systeme sind ebenso die Einfachsten und generell sind sie auch in jeder Hinsicht die Flexibelsten. Sie tragen in sich grosse Auswahl m\u00f6glicher Anpassung bis zum wachsenden Arbeitsaufwand reichen.<\/h4>\n<h4>H\u00e4ufig verwechseln wir Einfachheit mit &#8222;Minimalismus&#8220;. Selbstverst\u00e4ndlich ist dies nicht korrekt. Jeder Struktur oder jedes System hat eine eigene &#8222;einfache Version&#8220;, aber keine ist der anderen gleichzustellen. Wir k\u00f6nnen uns sie als &#8222;Einartigkeiten&#8220; vorstellen, die ein Gleichgewicht zwischen Leistung, Struktur und Effizienz darstellen.<\/h4>\n<h4>Die Natur stellt uns vielen klassischen Beispielen in dieser Hinsicht vor. Einige sind extrem einfach, aber verantwortlich f\u00fcr eine der spektakul\u00e4rsten und komplexesten Strukturen, die von Menschheit bekannt ist: das Leben. Andere zeigen uns, wie eir mit unseren Aktivit\u00e4ten \u00fcber die einfachsten Wegen &#8222;fliessen&#8220; m\u00fcssen, um unsere Ziele zu erreichen.<\/h4>\n<h4>Geben Sie Ihrer Struktur die Chance, schneller und leichter auf dem Erfolgsweg zu sein.<\/h4>\n<p><\/p>","protected":false},"excerpt":{"rendered":"<p>Die effizientesten Systeme sind ebenso die Einfachsten und generell sind sie auch in jeder Hinsicht die Flexibelsten. Sie tragen in sich grosse Auswahl m\u00f6glicher Anpassung bis zum wachsenden Arbeitsaufwand reichen. H\u00e4ufig verwechseln wir Einfachheit mit &#8222;Minimalismus&#8220;. Selbstverst\u00e4ndlich ist dies nicht korrekt. Jeder Struktur oder jedes System hat eine eigene &#8222;einfache Version&#8220;, aber keine ist der [&hellip;]<\/p>\n","protected":false},"author":1,"featured_media":0,"parent":0,"menu_order":0,"comment_status":"open","ping_status":"open","template":"","meta":{"footnotes":""},"class_list":["post-380","page","type-page","status-publish","hentry"],"_links":{"self":[{"href":"https:\/\/bcekonsult.com.br\/de\/wp-json\/wp\/v2\/pages\/380","targetHints":{"allow":["GET"]}}],"collection":[{"href":"https:\/\/bcekonsult.com.br\/de\/wp-json\/wp\/v2\/pages"}],"about":[{"href":"https:\/\/bcekonsult.com.br\/de\/wp-json\/wp\/v2\/types\/page"}],"author":[{"embeddable":true,"href":"https:\/\/bcekonsult.com.br\/de\/wp-json\/wp\/v2\/users\/1"}],"replies":[{"embeddable":true,"href":"https:\/\/bcekonsult.com.br\/de\/wp-json\/wp\/v2\/comments?post=380"}],"version-history":[{"count":0,"href":"https:\/\/bcekonsult.com.br\/de\/wp-json\/wp\/v2\/pages\/380\/revisions"}],"wp:attachment":[{"href":"https:\/\/bcekonsult.com.br\/de\/wp-json\/wp\/v2\/media?parent=380"}],"curies":[{"name":"wp","href":"https:\/\/api.w.org\/{rel}","templated":true}]}}