{"id":26,"date":"2014-07-24T19:04:51","date_gmt":"2014-07-24T19:04:51","guid":{"rendered":"http:\/\/bceconsultoria.com.br\/?page_id=26"},"modified":"2014-07-24T19:04:51","modified_gmt":"2014-07-24T19:04:51","slug":"produtos-e-servicos","status":"publish","type":"page","link":"https:\/\/bcekonsult.com.br\/de\/produtos-e-servicos\/","title":{"rendered":"Produkte \/ Dienstleistungen"},"content":{"rendered":"<p><\/p>\n<ul>\n<li>\n<h4>Unternehmensgr\u00fcndung in Brasilien.<\/h4>\n<\/li>\n<li>\n<h4>Unternehmensumstrukturierung<\/h4>\n<\/li>\n<li>\n<h4>Beratung bei Unternehmensf\u00fchrung<\/h4>\n<\/li>\n<li>\n<h4>Einf\u00fchrung von Kontrollmechanismen<\/h4>\n<\/li>\n<li>\n<h4>Markt- und Aktivit\u00e4tsanalyse<\/h4>\n<\/li>\n<li>\n<h4>Partnerschaftsbildung<\/h4>\n<\/li>\n<\/ul>\n<p><\/p>","protected":false},"excerpt":{"rendered":"<p>Unternehmensgr\u00fcndung in Brasilien. Unternehmensumstrukturierung Beratung bei Unternehmensf\u00fchrung Einf\u00fchrung von Kontrollmechanismen Markt- und Aktivit\u00e4tsanalyse Partnerschaftsbildung<\/p>\n","protected":false},"author":1,"featured_media":0,"parent":0,"menu_order":0,"comment_status":"closed","ping_status":"closed","template":"","meta":{"footnotes":""},"class_list":["post-26","page","type-page","status-publish","hentry"],"_links":{"self":[{"href":"https:\/\/bcekonsult.com.br\/de\/wp-json\/wp\/v2\/pages\/26","targetHints":{"allow":["GET"]}}],"collection":[{"href":"https:\/\/bcekonsult.com.br\/de\/wp-json\/wp\/v2\/pages"}],"about":[{"href":"https:\/\/bcekonsult.com.br\/de\/wp-json\/wp\/v2\/types\/page"}],"author":[{"embeddable":true,"href":"https:\/\/bcekonsult.com.br\/de\/wp-json\/wp\/v2\/users\/1"}],"replies":[{"embeddable":true,"href":"https:\/\/bcekonsult.com.br\/de\/wp-json\/wp\/v2\/comments?post=26"}],"version-history":[{"count":0,"href":"https:\/\/bcekonsult.com.br\/de\/wp-json\/wp\/v2\/pages\/26\/revisions"}],"wp:attachment":[{"href":"https:\/\/bcekonsult.com.br\/de\/wp-json\/wp\/v2\/media?parent=26"}],"curies":[{"name":"wp","href":"https:\/\/api.w.org\/{rel}","templated":true}]}}